{"id":33309,"date":"2024-08-09T08:44:53","date_gmt":"2024-08-09T06:44:53","guid":{"rendered":"https:\/\/www.hofgut.com\/?page_id=33309"},"modified":"2024-11-25T11:41:28","modified_gmt":"2024-11-25T10:41:28","slug":"e-bike-tours","status":"publish","type":"page","link":"https:\/\/www.hofgut.com\/en\/e-bike-tours\/","title":{"rendered":"E-Bike tours"},"content":{"rendered":"<div class=\"wpb-content-wrapper\">[vc_row thb_full_width=&#8221;true&#8221; bg_gradient_direction=&#8221;0&#8243; bg_gradient1=&#8221;rgba(3,45,50,0.46)&#8221; bg_gradient2=&#8221;#032d32&#8243; el_id=&#8221;wanderhead&#8221; css=&#8221;.vc_custom_1722579184967{background-image: url(https:\/\/www.hofgut.com\/wp-content\/uploads\/2024\/08\/032d32.jpg?id=32990) !important;}&#8221;][vc_column thb_color=&#8221;thb-light-column&#8221;][vc_empty_space height=&#8221;200px&#8221;][vc_row_inner content_placement=&#8221;middle&#8221;][vc_column_inner thb_color=&#8221;thb-light-column&#8221;][vc_column_text animation=&#8221;animation bottom-to-top&#8221;]\n<h1 class=\"hero-h1\">E-Bike tours<\/h1>\n<h2 class=\"hero-h2\">E-Bike tours from Hofgut Wagrain<\/h2>\n<p>See Pongau from a new perspective on our e-bike tours in the surrounding area.[\/vc_column_text][\/vc_column_inner][\/vc_row_inner][vc_empty_space mobile_height=&#8221;5vh&#8221; height=&#8221;5vh&#8221;][\/vc_column][\/vc_row][vc_row el_class=&#8221;magicwrap&#8221;][vc_column][vc_empty_space height=&#8221;10vh&#8221;][vc_raw_html]JTNDc2NyaXB0JTIwdHlwZSUzRCUyMnRleHQlMkZqYXZhc2NyaXB0JTIyJTIwc3JjJTNEJTIyaHR0cHMlM0ElMkYlMkZhcGktb2EuY29tJTJGanNjciUyRmxvYWRlci5qcyUzRmlkJTNEZGJrdXlxJTI2bGFuZyUzRGVuJTIyJTIwZGF0YS1kcCUzRCUyMjI5NTk3ODI3OCUyMiUzRSUzQyUyRnNjcmlwdCUzRSUwQQ==[\/vc_raw_html][vc_column_text][\/vc_column_text][vc_empty_space height=&#8221;10vh&#8221;][\/vc_column][\/vc_row][vc_row disable_element=&#8221;yes&#8221;][vc_column]\n<div class=\"wpcf7 no-js\" id=\"wpcf7-f1079-o1\" lang=\"de-DE\" dir=\"ltr\" data-wpcf7-id=\"1079\">\n<div class=\"screen-reader-response\"><p role=\"status\" aria-live=\"polite\" aria-atomic=\"true\"><\/p> <ul><\/ul><\/div>\n<form action=\"\/en\/wp-json\/wp\/v2\/pages\/33309#wpcf7-f1079-o1\" method=\"post\" class=\"wpcf7-form init cmonitor-ext-0.4.67\" aria-label=\"Kontaktformular\" novalidate=\"novalidate\" data-status=\"init\">\n<fieldset class=\"hidden-fields-container\"><input type=\"hidden\" name=\"_wpcf7\" value=\"1079\" \/><input type=\"hidden\" name=\"_wpcf7_version\" value=\"6.1.5\" \/><input type=\"hidden\" name=\"_wpcf7_locale\" value=\"de_DE\" \/><input type=\"hidden\" name=\"_wpcf7_unit_tag\" value=\"wpcf7-f1079-o1\" \/><input type=\"hidden\" name=\"_wpcf7_container_post\" value=\"0\" \/><input type=\"hidden\" name=\"_wpcf7_posted_data_hash\" value=\"\" \/><input type=\"hidden\" name=\"_wpcf7_recaptcha_response\" value=\"\" \/>\n<\/fieldset>\n<fieldset>\n\t<legend>\n\t\t<h3>Kontaktformular\n\t\t<\/h3>\n\t<\/legend>\n\t<p><label for=\"your-name\">Ihr Name<\/label><br \/>\n<span class=\"wpcf7-form-control-wrap\" data-name=\"your-name\"><input size=\"40\" maxlength=\"400\" class=\"wpcf7-form-control wpcf7-text wpcf7-validates-as-required full\" id=\"your-name\" aria-required=\"true\" aria-invalid=\"false\" value=\"\" type=\"text\" name=\"your-name\" \/><\/span>\n\t<\/p>\n\t<p><label for=\"your-email\">Ihre E-Mail-Adresse<\/label><br \/>\n<span class=\"wpcf7-form-control-wrap\" data-name=\"your-email\"><input size=\"40\" maxlength=\"400\" class=\"wpcf7-form-control wpcf7-email wpcf7-validates-as-required wpcf7-text wpcf7-validates-as-email full\" id=\"your-email\" aria-required=\"true\" aria-invalid=\"false\" value=\"\" type=\"email\" name=\"your-email\" \/><\/span>\n\t<\/p>\n\t<p><label for=\"your-message\">Ihre Nachricht<\/label><br \/>\n<span class=\"wpcf7-form-control-wrap\" data-name=\"your-message\"><textarea cols=\"40\" rows=\"10\" maxlength=\"2000\" class=\"wpcf7-form-control wpcf7-textarea full\" id=\"your-message\" aria-invalid=\"false\" name=\"your-message\"><\/textarea><\/span>\n\t<\/p>\n<\/fieldset>\n<p><span class=\"wpcf7-form-control-wrap\" data-name=\"zustimmung\"><span class=\"wpcf7-form-control wpcf7-acceptance\"><span class=\"wpcf7-list-item\"><label><input type=\"checkbox\" name=\"zustimmung\" value=\"1\" aria-invalid=\"false\" \/><span class=\"wpcf7-list-item-label\">Ich habe die <a href=\"\/datenschutzerklaerung\" target=\"_blank\" rel=\"noopener\">Datenschutzerkl\u00e4rung<\/a> gelesen und stimme der Verarbeitung meiner E-Mail-Adresse zu.<\/span><\/label><\/span><\/span><\/span>\n<\/p>\n<p><span class=\"wpcf7-form-control-wrap\" data-name=\"newsletter\"><span class=\"wpcf7-form-control wpcf7-acceptance optional\"><span class=\"wpcf7-list-item\"><label><input type=\"checkbox\" name=\"newsletter\" value=\"1\" aria-invalid=\"false\" \/><span class=\"wpcf7-list-item-label\">Ja, ich m\u00f6chte zuk\u00fcnftig \u00fcber aktuelle Pauschalen, Angebote & Neuigkeiten per E-Mail informiert werden. Eine Abmeldung ist jederzeit m\u00f6glich.<\/span><\/label><\/span><\/span><\/span>\n<\/p>\n<p><input class=\"wpcf7-form-control wpcf7-submit has-spinner btn\" type=\"submit\" value=\"Nachricht senden\" \/>\n<\/p><div class=\"wpcf7-response-output\" aria-hidden=\"true\"><\/div><p style=\"display: none !important\"><span class=\"wpcf7-form-control-wrap referer-page\"><input type=\"text\" name=\"referer-page\" value=\"http:\/\/Direct%20Visit\" data-value=\"http:\/\/Direct%20Visit\" size=\"40\" class=\"wpcf7-form-control wpcf7-text referer-page\" aria-invalid=\"false\"><\/span><\/p>\n<!-- campaignmonitor extension by Renzo Johnson -->\n<\/form>\n<\/div>\n[\/vc_column][\/vc_row]\n<\/div>","protected":false},"excerpt":{"rendered":"<p>[vc_row thb_full_width=&#8221;true&#8221; bg_gradient_direction=&#8221;0&#8243; bg_gradient1=&#8221;rgba(3,45,50,0.46)&#8221; bg_gradient2=&#8221;#032d32&#8243; el_id=&#8221;wanderhead&#8221; css=&#8221;.vc_custom_1722579184967{background-image: url(https:\/\/www.hofgut.com\/wp-content\/uploads\/2024\/08\/032d32.jpg?id=32990) !important;}&#8221;][vc_column thb_color=&#8221;thb-light-column&#8221;][vc_empty_space height=&#8221;200px&#8221;][vc_row_inner content_placement=&#8221;middle&#8221;][vc_column_inner thb_color=&#8221;thb-light-column&#8221;][vc_column_text animation=&#8221;animation bottom-to-top&#8221;] E-Bike tours E-Bike tours from Hofgut Wagrain See Pongau from a new perspective on our e-bike tours in the surrounding area.[\/vc_column_text][\/vc_column_inner][\/vc_row_inner][vc_empty_space mobile_height=&#8221;5vh&#8221; height=&#8221;5vh&#8221;][\/vc_column][\/vc_row][vc_row el_class=&#8221;magicwrap&#8221;][vc_column][vc_empty_space height=&#8221;10vh&#8221;][vc_raw_html]JTNDc2NyaXB0JTIwdHlwZSUzRCUyMnRleHQlMkZqYXZhc2NyaXB0JTIyJTIwc3JjJTNEJTIyaHR0cHMlM0ElMkYlMkZhcGktb2EuY29tJTJGanNjciUyRmxvYWRlci5qcyUzRmlkJTNEZGJrdXlxJTI2bGFuZyUzRGVuJTIyJTIwZGF0YS1kcCUzRCUyMjI5NTk3ODI3OCUyMiUzRSUzQyUyRnNjcmlwdCUzRSUwQQ==[\/vc_raw_html][vc_column_text][\/vc_column_text][vc_empty_space height=&#8221;10vh&#8221;][\/vc_column][\/vc_row][vc_row disable_element=&#8221;yes&#8221;][vc_column][\/vc_column][\/vc_row]<\/p>\n","protected":false},"author":6,"featured_media":0,"parent":0,"menu_order":0,"comment_status":"closed","ping_status":"closed","template":"","meta":{"footnotes":"","_wp_rev_ctl_limit":""},"class_list":["post-33309","page","type-page","status-publish","hentry"],"yoast_head":"<!-- This site is optimized with the Yoast SEO plugin v27.3 - https:\/\/yoast.com\/product\/yoast-seo-wordpress\/ -->\n<title>E-bike tours in Salzburg&#039;s Pongau region<\/title>\n<meta name=\"description\" content=\"Discover Pongau from a new perspective on an e-bike tour directly from the Hofgut Apartment &amp; Lifestyle Resort.\" \/>\n<meta name=\"robots\" content=\"noindex, follow\" \/>\n<meta property=\"og:locale\" content=\"en_US\" \/>\n<meta property=\"og:type\" content=\"article\" \/>\n<meta property=\"og:title\" content=\"E-bike tours in Salzburg&#039;s Pongau region\" \/>\n<meta property=\"og:description\" content=\"Discover Pongau from a new perspective on an e-bike tour directly from the Hofgut Apartment &amp; Lifestyle Resort.\" \/>\n<meta property=\"og:url\" content=\"https:\/\/www.hofgut.com\/en\/e-bike-tours\/\" \/>\n<meta property=\"og:site_name\" content=\"HOFGUT Apartment &amp; Lifestyle Resort \u2013 Wagrain Salzburg\" \/>\n<meta property=\"article:publisher\" content=\"https:\/\/www.facebook.com\/hofgut.wagrain\" \/>\n<meta property=\"article:modified_time\" content=\"2024-11-25T10:41:28+00:00\" \/>\n<meta name=\"twitter:card\" content=\"summary_large_image\" \/>\n<meta name=\"twitter:label1\" content=\"Est. reading time\" \/>\n\t<meta name=\"twitter:data1\" content=\"4 minutes\" \/>\n<script type=\"application\/ld+json\" class=\"yoast-schema-graph\">{\"@context\":\"https:\\\/\\\/schema.org\",\"@graph\":[{\"@type\":\"WebPage\",\"@id\":\"https:\\\/\\\/www.hofgut.com\\\/en\\\/e-bike-tours\\\/\",\"url\":\"https:\\\/\\\/www.hofgut.com\\\/en\\\/e-bike-tours\\\/\",\"name\":\"E-bike tours in Salzburg's Pongau region\",\"isPartOf\":{\"@id\":\"https:\\\/\\\/www.hofgut.com\\\/en\\\/#website\"},\"datePublished\":\"2024-08-09T06:44:53+00:00\",\"dateModified\":\"2024-11-25T10:41:28+00:00\",\"description\":\"Discover Pongau from a new perspective on an e-bike tour directly from the Hofgut Apartment & Lifestyle Resort.\",\"breadcrumb\":{\"@id\":\"https:\\\/\\\/www.hofgut.com\\\/en\\\/e-bike-tours\\\/#breadcrumb\"},\"inLanguage\":\"en-US\",\"potentialAction\":[{\"@type\":\"ReadAction\",\"target\":[\"https:\\\/\\\/www.hofgut.com\\\/en\\\/e-bike-tours\\\/\"]}]},{\"@type\":\"BreadcrumbList\",\"@id\":\"https:\\\/\\\/www.hofgut.com\\\/en\\\/e-bike-tours\\\/#breadcrumb\",\"itemListElement\":[{\"@type\":\"ListItem\",\"position\":1,\"name\":\"Home\",\"item\":\"https:\\\/\\\/www.hofgut.com\\\/en\\\/\"},{\"@type\":\"ListItem\",\"position\":2,\"name\":\"E-Bike tours\"}]},{\"@type\":\"WebSite\",\"@id\":\"https:\\\/\\\/www.hofgut.com\\\/en\\\/#website\",\"url\":\"https:\\\/\\\/www.hofgut.com\\\/en\\\/\",\"name\":\"HOFGUT Apartment & Lifestyle Resort \u2013 Wagrain Salzburg\",\"description\":\"\",\"publisher\":{\"@id\":\"https:\\\/\\\/www.hofgut.com\\\/en\\\/#organization\"},\"potentialAction\":[{\"@type\":\"SearchAction\",\"target\":{\"@type\":\"EntryPoint\",\"urlTemplate\":\"https:\\\/\\\/www.hofgut.com\\\/en\\\/?s={search_term_string}\"},\"query-input\":{\"@type\":\"PropertyValueSpecification\",\"valueRequired\":true,\"valueName\":\"search_term_string\"}}],\"inLanguage\":\"en-US\"},{\"@type\":\"Organization\",\"@id\":\"https:\\\/\\\/www.hofgut.com\\\/en\\\/#organization\",\"name\":\"HOFGUT Apartment & Lifestyle Resort\",\"url\":\"https:\\\/\\\/www.hofgut.com\\\/en\\\/\",\"logo\":{\"@type\":\"ImageObject\",\"inLanguage\":\"en-US\",\"@id\":\"https:\\\/\\\/www.hofgut.com\\\/en\\\/#\\\/schema\\\/logo\\\/image\\\/\",\"url\":\"https:\\\/\\\/www.hofgut.com\\\/wp-content\\\/uploads\\\/2020\\\/12\\\/Hofgut-Logo-RGB-blau-gelb.svg\",\"contentUrl\":\"https:\\\/\\\/www.hofgut.com\\\/wp-content\\\/uploads\\\/2020\\\/12\\\/Hofgut-Logo-RGB-blau-gelb.svg\",\"width\":340,\"height\":221,\"caption\":\"HOFGUT Apartment & Lifestyle Resort\"},\"image\":{\"@id\":\"https:\\\/\\\/www.hofgut.com\\\/en\\\/#\\\/schema\\\/logo\\\/image\\\/\"},\"sameAs\":[\"https:\\\/\\\/www.facebook.com\\\/hofgut.wagrain\",\"https:\\\/\\\/www.instagram.com\\\/hofgut.wagrain\"]}]}<\/script>\n<!-- \/ Yoast SEO plugin. -->","yoast_head_json":{"title":"E-bike tours in Salzburg's Pongau region","description":"Discover Pongau from a new perspective on an e-bike tour directly from the Hofgut Apartment & Lifestyle Resort.","robots":{"index":"noindex","follow":"follow"},"og_locale":"en_US","og_type":"article","og_title":"E-bike tours in Salzburg's Pongau region","og_description":"Discover Pongau from a new perspective on an e-bike tour directly from the Hofgut Apartment & Lifestyle Resort.","og_url":"https:\/\/www.hofgut.com\/en\/e-bike-tours\/","og_site_name":"HOFGUT Apartment &amp; Lifestyle Resort \u2013 Wagrain Salzburg","article_publisher":"https:\/\/www.facebook.com\/hofgut.wagrain","article_modified_time":"2024-11-25T10:41:28+00:00","twitter_card":"summary_large_image","twitter_misc":{"Est. reading time":"4 minutes"},"schema":{"@context":"https:\/\/schema.org","@graph":[{"@type":"WebPage","@id":"https:\/\/www.hofgut.com\/en\/e-bike-tours\/","url":"https:\/\/www.hofgut.com\/en\/e-bike-tours\/","name":"E-bike tours in Salzburg's Pongau region","isPartOf":{"@id":"https:\/\/www.hofgut.com\/en\/#website"},"datePublished":"2024-08-09T06:44:53+00:00","dateModified":"2024-11-25T10:41:28+00:00","description":"Discover Pongau from a new perspective on an e-bike tour directly from the Hofgut Apartment & Lifestyle Resort.","breadcrumb":{"@id":"https:\/\/www.hofgut.com\/en\/e-bike-tours\/#breadcrumb"},"inLanguage":"en-US","potentialAction":[{"@type":"ReadAction","target":["https:\/\/www.hofgut.com\/en\/e-bike-tours\/"]}]},{"@type":"BreadcrumbList","@id":"https:\/\/www.hofgut.com\/en\/e-bike-tours\/#breadcrumb","itemListElement":[{"@type":"ListItem","position":1,"name":"Home","item":"https:\/\/www.hofgut.com\/en\/"},{"@type":"ListItem","position":2,"name":"E-Bike tours"}]},{"@type":"WebSite","@id":"https:\/\/www.hofgut.com\/en\/#website","url":"https:\/\/www.hofgut.com\/en\/","name":"HOFGUT Apartment & Lifestyle Resort \u2013 Wagrain Salzburg","description":"","publisher":{"@id":"https:\/\/www.hofgut.com\/en\/#organization"},"potentialAction":[{"@type":"SearchAction","target":{"@type":"EntryPoint","urlTemplate":"https:\/\/www.hofgut.com\/en\/?s={search_term_string}"},"query-input":{"@type":"PropertyValueSpecification","valueRequired":true,"valueName":"search_term_string"}}],"inLanguage":"en-US"},{"@type":"Organization","@id":"https:\/\/www.hofgut.com\/en\/#organization","name":"HOFGUT Apartment & Lifestyle Resort","url":"https:\/\/www.hofgut.com\/en\/","logo":{"@type":"ImageObject","inLanguage":"en-US","@id":"https:\/\/www.hofgut.com\/en\/#\/schema\/logo\/image\/","url":"https:\/\/www.hofgut.com\/wp-content\/uploads\/2020\/12\/Hofgut-Logo-RGB-blau-gelb.svg","contentUrl":"https:\/\/www.hofgut.com\/wp-content\/uploads\/2020\/12\/Hofgut-Logo-RGB-blau-gelb.svg","width":340,"height":221,"caption":"HOFGUT Apartment & Lifestyle Resort"},"image":{"@id":"https:\/\/www.hofgut.com\/en\/#\/schema\/logo\/image\/"},"sameAs":["https:\/\/www.facebook.com\/hofgut.wagrain","https:\/\/www.instagram.com\/hofgut.wagrain"]}]}},"_links":{"self":[{"href":"https:\/\/www.hofgut.com\/en\/wp-json\/wp\/v2\/pages\/33309","targetHints":{"allow":["GET"]}}],"collection":[{"href":"https:\/\/www.hofgut.com\/en\/wp-json\/wp\/v2\/pages"}],"about":[{"href":"https:\/\/www.hofgut.com\/en\/wp-json\/wp\/v2\/types\/page"}],"author":[{"embeddable":true,"href":"https:\/\/www.hofgut.com\/en\/wp-json\/wp\/v2\/users\/6"}],"replies":[{"embeddable":true,"href":"https:\/\/www.hofgut.com\/en\/wp-json\/wp\/v2\/comments?post=33309"}],"version-history":[{"count":0,"href":"https:\/\/www.hofgut.com\/en\/wp-json\/wp\/v2\/pages\/33309\/revisions"}],"wp:attachment":[{"href":"https:\/\/www.hofgut.com\/en\/wp-json\/wp\/v2\/media?parent=33309"}],"curies":[{"name":"wp","href":"https:\/\/api.w.org\/{rel}","templated":true}]}}